{"id":23,"date":"2022-07-07T08:35:53","date_gmt":"2022-07-07T08:35:53","guid":{"rendered":"https:\/\/procubion.com\/?page_id=23"},"modified":"2023-11-29T15:46:21","modified_gmt":"2023-11-29T15:46:21","slug":"impressum","status":"publish","type":"page","link":"https:\/\/www.procubion.com\/?page_id=23","title":{"rendered":"IMPRESSUM"},"content":{"rendered":"<div class=\"wp-block-stackable-heading container stk-block-heading stk-block stk-2397933\" id=\"impressum\" data-block-id=\"2397933\"><style>.stk-2397933{margin-top:150px !important}@media screen and (max-width:767px){.stk-2397933{margin-top:75px !important}}.stk-2397933 .stk-block-heading__text{font-weight:900 !important}<\/style><h1 class=\"stk-block-heading__text\">IMPRESSUM<\/h1><\/div><div class=\"wp-block-stackable-spacer stk-block-spacer stk--no-padding stk-block stk-9af5ad9\" data-block-id=\"9af5ad9\"><style>.stk-9af5ad9{height:100px !important}@media screen and (max-width:767px){.stk-9af5ad9{height:245px !important}}<\/style><\/div><div class=\"wp-block-stackable-heading container stk-block-heading stk-block stk-67a59ab\" id=\"inhaltlich-verantwortlicher-gemass-10-absatz-3-md-st-v-im-nachfolgenden-anbieter-genannt\" data-block-id=\"67a59ab\"><h2 class=\"stk-block-heading__text\">Inhaltlich Verantwortlicher gem\u00e4\u00df \u00a7 10 Absatz 3 MDStV (im nachfolgenden Anbieter genannt)<\/h2><\/div><div class=\"wp-block-stackable-text container stk-block-text stk-block stk-8d4b2ef\" data-block-id=\"8d4b2ef\"><style>@media screen and (max-width:767px){.stk-8d4b2ef{margin-bottom:63px !important}}<\/style><p class=\"stk-block-text__text\">procubion GmbH<br>Gesch\u00e4ftsf\u00fchrer: Dr. Christian Barysch und Martin H\u00fchn <br>Am Pferchelhang 16<br>69118 Heidelberg <br>Tel.: (06221) 8682803 <br>E-Mail: info@procubion.com <br>Web: www.procubion.com <br>Registergericht: Amtsgericht Mannheim <br>Registernummer: HRB 741070<\/p><\/div><div class=\"wp-block-stackable-heading container stk-block-heading stk-block stk-c20adc6\" id=\"haftungshinweis-haftungsausschluss\" data-block-id=\"c20adc6\"><h2 class=\"stk-block-heading__text\">Haftungshinweis \/ Haftungsausschluss<\/h2><\/div><div class=\"wp-block-stackable-text container stk-block-text stk-block stk-77547f2\" data-block-id=\"77547f2\"><p class=\"stk-block-text__text\">Trotz sorgf\u00e4ltiger inhaltlicher Kontrolle \u00fcbernimmt der Anbieter keine Haftung f\u00fcr die Inhalte externer Links. F\u00fcr den Inhalt der verlinkten Seiten sind ausschlie\u00dflich deren Betreiber verantwortlich. Der Anbieter ist bem\u00fcht, sein Webangebot stets aktuell und inhaltlich richtig sowie vollst\u00e4ndig anzubieten. Dennoch ist das Auftreten von Fehlern nicht v\u00f6llig auszuschlie\u00dfen. Der Anbieter \u00fcbernimmt keine Haftung f\u00fcr die Aktualit\u00e4t, die inhaltliche Richtigkeit sowie f\u00fcr die Vollst\u00e4ndigkeit, der in seinem Webangebot eingestellten Informationen, es sei denn die Fehler wurden vors\u00e4tzlich oder grob fahrl\u00e4ssig aufgenommen. Dies bezieht sich auf eventuelle Sch\u00e4den materieller oder ideeller Art Dritter, die durch die Nutzung dieses Webangebotes verursacht wurden.<\/p><\/div><div class=\"wp-block-stackable-spacer stk-block-spacer stk--no-padding stk-block stk-8fd0fa9\" data-block-id=\"8fd0fa9\"><style>.stk-8fd0fa9{height:700px !important}@media screen and (max-width:767px){.stk-8fd0fa9{height:350px !important}}<\/style><\/div>","protected":false},"excerpt":{"rendered":"<p>IMPRESSUM Inhaltlich Verantwortlicher gem\u00e4\u00df \u00a7 10 Absatz 3 MDStV (im nachfolgenden Anbieter genannt) procubion GmbHGesch\u00e4ftsf\u00fchrer: Dr. Christian Barysch und Martin H\u00fchn Am Pferchelhang 1669118 Heidelberg Tel.: (06221) 8682803 E-Mail: info@procubion.com Web: www.procubion.com Registergericht: Amtsgericht Mannheim Registernummer: HRB 741070 Haftungshinweis \/ Haftungsausschluss Trotz sorgf\u00e4ltiger inhaltlicher Kontrolle \u00fcbernimmt der Anbieter keine Haftung f\u00fcr die Inhalte externer Links. [&hellip;]<\/p>\n","protected":false},"author":1,"featured_media":0,"parent":0,"menu_order":0,"comment_status":"closed","ping_status":"closed","template":"","meta":{"footnotes":""},"class_list":["post-23","page","type-page","status-publish","hentry"],"acf":[],"yoast_head":"<!-- This site is optimized with the Yoast SEO plugin v21.6 - https:\/\/yoast.com\/wordpress\/plugins\/seo\/ -->\n<title>IMPRESSUM - Procubion<\/title>\n<meta name=\"robots\" content=\"noindex, nofollow\" \/>\n<meta property=\"og:locale\" content=\"de_DE\" \/>\n<meta property=\"og:type\" content=\"article\" \/>\n<meta property=\"og:title\" content=\"IMPRESSUM - Procubion\" \/>\n<meta property=\"og:description\" content=\"IMPRESSUM Inhaltlich Verantwortlicher gem\u00e4\u00df \u00a7 10 Absatz 3 MDStV (im nachfolgenden Anbieter genannt) procubion GmbHGesch\u00e4ftsf\u00fchrer: Dr. Christian Barysch und Martin H\u00fchn Am Pferchelhang 1669118 Heidelberg Tel.: (06221) 8682803 E-Mail: info@procubion.com Web: www.procubion.com Registergericht: Amtsgericht Mannheim Registernummer: HRB 741070 Haftungshinweis \/ Haftungsausschluss Trotz sorgf\u00e4ltiger inhaltlicher Kontrolle \u00fcbernimmt der Anbieter keine Haftung f\u00fcr die Inhalte externer Links. [&hellip;]\" \/>\n<meta property=\"og:url\" content=\"https:\/\/www.procubion.com\/?page_id=23\" \/>\n<meta property=\"og:site_name\" content=\"Procubion\" \/>\n<meta property=\"article:modified_time\" content=\"2023-11-29T15:46:21+00:00\" \/>\n<meta name=\"twitter:card\" content=\"summary_large_image\" \/>\n<meta name=\"twitter:label1\" content=\"Gesch\u00e4tzte Lesezeit\" \/>\n\t<meta name=\"twitter:data1\" content=\"1\u00a0Minute\" \/>\n<script type=\"application\/ld+json\" class=\"yoast-schema-graph\">{\"@context\":\"https:\/\/schema.org\",\"@graph\":[{\"@type\":\"WebPage\",\"@id\":\"https:\/\/www.procubion.com\/?page_id=23\",\"url\":\"https:\/\/www.procubion.com\/?page_id=23\",\"name\":\"IMPRESSUM - Procubion\",\"isPartOf\":{\"@id\":\"https:\/\/3.124.140.133\/#website\"},\"datePublished\":\"2022-07-07T08:35:53+00:00\",\"dateModified\":\"2023-11-29T15:46:21+00:00\",\"breadcrumb\":{\"@id\":\"https:\/\/www.procubion.com\/?page_id=23#breadcrumb\"},\"inLanguage\":\"de\",\"potentialAction\":[{\"@type\":\"ReadAction\",\"target\":[\"https:\/\/www.procubion.com\/?page_id=23\"]}]},{\"@type\":\"BreadcrumbList\",\"@id\":\"https:\/\/www.procubion.com\/?page_id=23#breadcrumb\",\"itemListElement\":[{\"@type\":\"ListItem\",\"position\":1,\"name\":\"Startseite\",\"item\":\"https:\/\/3.124.140.133\/\"},{\"@type\":\"ListItem\",\"position\":2,\"name\":\"IMPRESSUM\"}]},{\"@type\":\"WebSite\",\"@id\":\"https:\/\/3.124.140.133\/#website\",\"url\":\"https:\/\/3.124.140.133\/\",\"name\":\"Procubion\",\"description\":\"\",\"potentialAction\":[{\"@type\":\"SearchAction\",\"target\":{\"@type\":\"EntryPoint\",\"urlTemplate\":\"https:\/\/3.124.140.133\/?s={search_term_string}\"},\"query-input\":\"required name=search_term_string\"}],\"inLanguage\":\"de\"}]}<\/script>\n<!-- \/ Yoast SEO plugin. -->","yoast_head_json":{"title":"IMPRESSUM - Procubion","robots":{"index":"noindex","follow":"nofollow"},"og_locale":"de_DE","og_type":"article","og_title":"IMPRESSUM - Procubion","og_description":"IMPRESSUM Inhaltlich Verantwortlicher gem\u00e4\u00df \u00a7 10 Absatz 3 MDStV (im nachfolgenden Anbieter genannt) procubion GmbHGesch\u00e4ftsf\u00fchrer: Dr. Christian Barysch und Martin H\u00fchn Am Pferchelhang 1669118 Heidelberg Tel.: (06221) 8682803 E-Mail: info@procubion.com Web: www.procubion.com Registergericht: Amtsgericht Mannheim Registernummer: HRB 741070 Haftungshinweis \/ Haftungsausschluss Trotz sorgf\u00e4ltiger inhaltlicher Kontrolle \u00fcbernimmt der Anbieter keine Haftung f\u00fcr die Inhalte externer Links. [&hellip;]","og_url":"https:\/\/www.procubion.com\/?page_id=23","og_site_name":"Procubion","article_modified_time":"2023-11-29T15:46:21+00:00","twitter_card":"summary_large_image","twitter_misc":{"Gesch\u00e4tzte Lesezeit":"1\u00a0Minute"},"schema":{"@context":"https:\/\/schema.org","@graph":[{"@type":"WebPage","@id":"https:\/\/www.procubion.com\/?page_id=23","url":"https:\/\/www.procubion.com\/?page_id=23","name":"IMPRESSUM - Procubion","isPartOf":{"@id":"https:\/\/3.124.140.133\/#website"},"datePublished":"2022-07-07T08:35:53+00:00","dateModified":"2023-11-29T15:46:21+00:00","breadcrumb":{"@id":"https:\/\/www.procubion.com\/?page_id=23#breadcrumb"},"inLanguage":"de","potentialAction":[{"@type":"ReadAction","target":["https:\/\/www.procubion.com\/?page_id=23"]}]},{"@type":"BreadcrumbList","@id":"https:\/\/www.procubion.com\/?page_id=23#breadcrumb","itemListElement":[{"@type":"ListItem","position":1,"name":"Startseite","item":"https:\/\/3.124.140.133\/"},{"@type":"ListItem","position":2,"name":"IMPRESSUM"}]},{"@type":"WebSite","@id":"https:\/\/3.124.140.133\/#website","url":"https:\/\/3.124.140.133\/","name":"Procubion","description":"","potentialAction":[{"@type":"SearchAction","target":{"@type":"EntryPoint","urlTemplate":"https:\/\/3.124.140.133\/?s={search_term_string}"},"query-input":"required name=search_term_string"}],"inLanguage":"de"}]}},"_links":{"self":[{"href":"https:\/\/www.procubion.com\/index.php?rest_route=\/wp\/v2\/pages\/23","targetHints":{"allow":["GET"]}}],"collection":[{"href":"https:\/\/www.procubion.com\/index.php?rest_route=\/wp\/v2\/pages"}],"about":[{"href":"https:\/\/www.procubion.com\/index.php?rest_route=\/wp\/v2\/types\/page"}],"author":[{"embeddable":true,"href":"https:\/\/www.procubion.com\/index.php?rest_route=\/wp\/v2\/users\/1"}],"replies":[{"embeddable":true,"href":"https:\/\/www.procubion.com\/index.php?rest_route=%2Fwp%2Fv2%2Fcomments&post=23"}],"version-history":[{"count":8,"href":"https:\/\/www.procubion.com\/index.php?rest_route=\/wp\/v2\/pages\/23\/revisions"}],"predecessor-version":[{"id":1200,"href":"https:\/\/www.procubion.com\/index.php?rest_route=\/wp\/v2\/pages\/23\/revisions\/1200"}],"wp:attachment":[{"href":"https:\/\/www.procubion.com\/index.php?rest_route=%2Fwp%2Fv2%2Fmedia&parent=23"}],"curies":[{"name":"wp","href":"https:\/\/api.w.org\/{rel}","templated":true}]}}